{"id":1248,"date":"2019-12-16T15:52:48","date_gmt":"2019-12-16T14:52:48","guid":{"rendered":"https:\/\/www.ntec.ch\/?page_id=1248"},"modified":"2023-08-12T12:09:25","modified_gmt":"2023-08-12T10:09:25","slug":"logo-design","status":"publish","type":"page","link":"https:\/\/www.ntec.ch\/en\/dienstleistungen\/logo-design\/","title":{"rendered":"Logo Design"},"content":{"rendered":"\t\t<div data-elementor-type=\"wp-page\" data-elementor-id=\"1248\" class=\"elementor elementor-1248\">\n\t\t\t\t\t\t<section data-particle_enable=\"false\" data-particle-mobile-disabled=\"false\" class=\"elementor-section elementor-top-section elementor-element elementor-element-1540946 elementor-section-boxed elementor-section-height-default elementor-section-height-default\" data-id=\"1540946\" data-element_type=\"section\">\n\t\t\t\t\t\t<div class=\"elementor-container elementor-column-gap-default\">\n\t\t\t\t\t<div class=\"elementor-column elementor-col-100 elementor-top-column elementor-element elementor-element-33bf7222\" data-id=\"33bf7222\" data-element_type=\"column\">\n\t\t\t<div class=\"elementor-widget-wrap elementor-element-populated\">\n\t\t\t\t\t\t<div class=\"elementor-element elementor-element-25982050 elementor-widget elementor-widget-text-editor\" data-id=\"25982050\" data-element_type=\"widget\" data-widget_type=\"text-editor.default\">\n\t\t\t\t<div class=\"elementor-widget-container\">\n\t\t\t\t\t\t\t<h2>Logo Design Agentur in Z\u00fcrich<\/h2>\r\n<h3>Unsere Agentur in Z\u00fcrich hat das passende Angebot f\u00fcr Sie!<\/h3>\r\n<p style=\"text-align: justify;\"><strong>Logo Designen ist nicht einfach. Es braucht kreative Meister des Fachgebietes, um auch ein wirklich n\u00fctzliches Logo erstellen zu k\u00f6nnen. Wir haben zum Gl\u00fcck das passende Angebot f\u00fcr Sie.<\/strong><\/p>\r\n<p style=\"text-align: justify;\">Sie starten erst neu mit einer Firma und brauchen ein Logo, haben ein neues Produkt, das ein passendes Logo braucht oder m\u00fcssen f\u00fcr einen Kunden ein Logo erstellen? Kein Problem. Unsere Logo Designer in der Webagentur in Z\u00fcrich k\u00f6nnen dies f\u00fcr Sie erledigen.<\/p>\r\n<p style=\"text-align: justify;\">Tragen Sie uns einfach Ihre W\u00fcnsche mit und schon wird es umgesetzt. Kurz und unkompliziert zu einem atemberaubenden und unverwechselbaren Logo!<\/p>\t\t\t\t\t\t<\/div>\n\t\t\t\t<\/div>\n\t\t\t\t\t<\/div>\n\t\t<\/div>\n\t\t\t\t\t<\/div>\n\t\t<\/section>\n\t\t\t\t<section data-particle_enable=\"false\" data-particle-mobile-disabled=\"false\" class=\"elementor-section elementor-top-section elementor-element elementor-element-4e59340 elementor-section-boxed elementor-section-height-default elementor-section-height-default\" data-id=\"4e59340\" data-element_type=\"section\">\n\t\t\t\t\t\t<div class=\"elementor-container elementor-column-gap-default\">\n\t\t\t\t\t<div class=\"elementor-column elementor-col-100 elementor-top-column elementor-element elementor-element-fd86d77\" data-id=\"fd86d77\" data-element_type=\"column\">\n\t\t\t<div class=\"elementor-widget-wrap elementor-element-populated\">\n\t\t\t\t\t\t<div class=\"elementor-element elementor-element-aa64ab1 elementor-arrows-position-inside elementor-widget elementor-widget-image-carousel\" data-id=\"aa64ab1\" data-element_type=\"widget\" data-settings=\"{&quot;slides_to_show&quot;:&quot;3&quot;,&quot;navigation&quot;:&quot;arrows&quot;,&quot;autoplay_speed&quot;:4000,&quot;autoplay&quot;:&quot;yes&quot;,&quot;pause_on_hover&quot;:&quot;yes&quot;,&quot;pause_on_interaction&quot;:&quot;yes&quot;,&quot;infinite&quot;:&quot;yes&quot;,&quot;speed&quot;:500}\" data-widget_type=\"image-carousel.default\">\n\t\t\t\t<div class=\"elementor-widget-container\">\n\t\t\t\t\t<div class=\"elementor-image-carousel-wrapper swiper\" dir=\"ltr\">\n\t\t\t<div class=\"elementor-image-carousel swiper-wrapper\" aria-live=\"off\">\n\t\t\t\t\t\t\t\t<div class=\"swiper-slide\" role=\"group\" aria-roledescription=\"slide\" aria-label=\"1 of 59\"><figure class=\"swiper-slide-inner\"><img decoding=\"async\" class=\"swiper-slide-image\" src=\"https:\/\/www.ntec.ch\/wp-content\/uploads\/2021\/05\/logo-design-conventus.png\" alt=\"logo-design-conventus\" \/><\/figure><\/div><div class=\"swiper-slide\" role=\"group\" aria-roledescription=\"slide\" aria-label=\"2 of 59\"><figure class=\"swiper-slide-inner\"><img decoding=\"async\" class=\"swiper-slide-image\" src=\"https:\/\/www.ntec.ch\/wp-content\/uploads\/2021\/05\/logo-design-carlex.png\" alt=\"logo-design-carlex\" \/><\/figure><\/div><div class=\"swiper-slide\" role=\"group\" aria-roledescription=\"slide\" aria-label=\"3 of 59\"><figure class=\"swiper-slide-inner\"><img decoding=\"async\" class=\"swiper-slide-image\" src=\"https:\/\/www.ntec.ch\/wp-content\/uploads\/2021\/05\/logo-design-primovino.png\" alt=\"logo-design-primovino\" \/><\/figure><\/div><div class=\"swiper-slide\" role=\"group\" aria-roledescription=\"slide\" aria-label=\"4 of 59\"><figure class=\"swiper-slide-inner\"><img decoding=\"async\" class=\"swiper-slide-image\" src=\"https:\/\/www.ntec.ch\/wp-content\/uploads\/2021\/05\/logo-design-conlex.png\" alt=\"logo-design-conlex\" \/><\/figure><\/div><div class=\"swiper-slide\" role=\"group\" aria-roledescription=\"slide\" aria-label=\"5 of 59\"><figure class=\"swiper-slide-inner\"><img decoding=\"async\" class=\"swiper-slide-image\" src=\"https:\/\/www.ntec.ch\/wp-content\/uploads\/2021\/05\/logo-design-real3d.png\" alt=\"logo-design-real3d\" \/><\/figure><\/div><div class=\"swiper-slide\" role=\"group\" aria-roledescription=\"slide\" aria-label=\"6 of 59\"><figure class=\"swiper-slide-inner\"><img decoding=\"async\" class=\"swiper-slide-image\" src=\"https:\/\/www.ntec.ch\/wp-content\/uploads\/2021\/05\/logo-design-medix.png\" alt=\"logo-design-medix\" \/><\/figure><\/div><div class=\"swiper-slide\" role=\"group\" aria-roledescription=\"slide\" aria-label=\"7 of 59\"><figure class=\"swiper-slide-inner\"><img decoding=\"async\" class=\"swiper-slide-image\" src=\"https:\/\/www.ntec.ch\/wp-content\/uploads\/2021\/05\/logo-design-maincore.png\" alt=\"logo-design-maincore\" \/><\/figure><\/div><div class=\"swiper-slide\" role=\"group\" aria-roledescription=\"slide\" aria-label=\"8 of 59\"><figure class=\"swiper-slide-inner\"><img decoding=\"async\" class=\"swiper-slide-image\" src=\"https:\/\/www.ntec.ch\/wp-content\/uploads\/2021\/05\/logo-design-spitex.png\" alt=\"logo-design-spitex\" \/><\/figure><\/div><div class=\"swiper-slide\" role=\"group\" aria-roledescription=\"slide\" aria-label=\"9 of 59\"><figure class=\"swiper-slide-inner\"><img decoding=\"async\" class=\"swiper-slide-image\" src=\"https:\/\/www.ntec.ch\/wp-content\/uploads\/2021\/05\/logo-design-eats-express.png\" alt=\"logo-design-eats-express\" \/><\/figure><\/div><div class=\"swiper-slide\" role=\"group\" aria-roledescription=\"slide\" aria-label=\"10 of 59\"><figure class=\"swiper-slide-inner\"><img decoding=\"async\" class=\"swiper-slide-image\" src=\"https:\/\/www.ntec.ch\/wp-content\/uploads\/2021\/05\/logo-design-keinwitz.png\" alt=\"logo-design-keinwitz\" \/><\/figure><\/div><div class=\"swiper-slide\" role=\"group\" aria-roledescription=\"slide\" aria-label=\"11 of 59\"><figure class=\"swiper-slide-inner\"><img decoding=\"async\" class=\"swiper-slide-image\" src=\"https:\/\/www.ntec.ch\/wp-content\/uploads\/2021\/05\/logo-design-senitours.png\" alt=\"logo-design-senitours\" \/><\/figure><\/div><div class=\"swiper-slide\" role=\"group\" aria-roledescription=\"slide\" aria-label=\"12 of 59\"><figure class=\"swiper-slide-inner\"><img decoding=\"async\" class=\"swiper-slide-image\" src=\"https:\/\/www.ntec.ch\/wp-content\/uploads\/2021\/05\/logo-design-limoswiss.png\" alt=\"logo-design-limoswiss\" \/><\/figure><\/div><div class=\"swiper-slide\" role=\"group\" aria-roledescription=\"slide\" aria-label=\"13 of 59\"><figure class=\"swiper-slide-inner\"><img decoding=\"async\" class=\"swiper-slide-image\" src=\"https:\/\/www.ntec.ch\/wp-content\/uploads\/2021\/05\/logo-design-cbd-markt.png\" alt=\"logo-design-cbd-markt\" \/><\/figure><\/div><div class=\"swiper-slide\" role=\"group\" aria-roledescription=\"slide\" aria-label=\"14 of 59\"><figure class=\"swiper-slide-inner\"><img decoding=\"async\" class=\"swiper-slide-image\" src=\"https:\/\/www.ntec.ch\/wp-content\/uploads\/2021\/05\/logo-design-botex.png\" alt=\"logo-design-botex\" \/><\/figure><\/div><div class=\"swiper-slide\" role=\"group\" aria-roledescription=\"slide\" aria-label=\"15 of 59\"><figure class=\"swiper-slide-inner\"><img decoding=\"async\" class=\"swiper-slide-image\" src=\"https:\/\/www.ntec.ch\/wp-content\/uploads\/2021\/05\/logo-design-spirits.png\" alt=\"logo-design-spirits\" \/><\/figure><\/div><div class=\"swiper-slide\" role=\"group\" aria-roledescription=\"slide\" aria-label=\"16 of 59\"><figure class=\"swiper-slide-inner\"><img decoding=\"async\" class=\"swiper-slide-image\" src=\"https:\/\/www.ntec.ch\/wp-content\/uploads\/2021\/05\/logo-design-arzt-sternen.png\" alt=\"logo-design-arzt-sternen\" \/><\/figure><\/div><div class=\"swiper-slide\" role=\"group\" aria-roledescription=\"slide\" aria-label=\"17 of 59\"><figure class=\"swiper-slide-inner\"><img decoding=\"async\" class=\"swiper-slide-image\" src=\"https:\/\/www.ntec.ch\/wp-content\/uploads\/2021\/05\/logo-design-immobau.png\" alt=\"logo-design-immobau\" \/><\/figure><\/div><div class=\"swiper-slide\" role=\"group\" aria-roledescription=\"slide\" aria-label=\"18 of 59\"><figure class=\"swiper-slide-inner\"><img decoding=\"async\" class=\"swiper-slide-image\" src=\"https:\/\/www.ntec.ch\/wp-content\/uploads\/2021\/05\/logo-design-ebc.png\" alt=\"logo-design-ebc\" \/><\/figure><\/div><div class=\"swiper-slide\" role=\"group\" aria-roledescription=\"slide\" aria-label=\"19 of 59\"><figure class=\"swiper-slide-inner\"><img decoding=\"async\" class=\"swiper-slide-image\" src=\"https:\/\/www.ntec.ch\/wp-content\/uploads\/2021\/05\/logo-design-swicars.png\" alt=\"logo-design-swicars\" \/><\/figure><\/div><div class=\"swiper-slide\" role=\"group\" aria-roledescription=\"slide\" aria-label=\"20 of 59\"><figure class=\"swiper-slide-inner\"><img decoding=\"async\" class=\"swiper-slide-image\" src=\"https:\/\/www.ntec.ch\/wp-content\/uploads\/2021\/05\/logo-design-thalberg-galerie.png\" alt=\"logo-design-thalberg-galerie\" \/><\/figure><\/div><div class=\"swiper-slide\" role=\"group\" aria-roledescription=\"slide\" aria-label=\"21 of 59\"><figure class=\"swiper-slide-inner\"><img decoding=\"async\" class=\"swiper-slide-image\" src=\"https:\/\/www.ntec.ch\/wp-content\/uploads\/2021\/05\/logo-design-conn.png\" alt=\"logo-design-conn\" \/><\/figure><\/div><div class=\"swiper-slide\" role=\"group\" aria-roledescription=\"slide\" aria-label=\"22 of 59\"><figure class=\"swiper-slide-inner\"><img decoding=\"async\" class=\"swiper-slide-image\" src=\"https:\/\/www.ntec.ch\/wp-content\/uploads\/2021\/05\/logo-design-bidhammer.png\" alt=\"logo-design-bidhammer\" \/><\/figure><\/div><div class=\"swiper-slide\" role=\"group\" aria-roledescription=\"slide\" aria-label=\"23 of 59\"><figure class=\"swiper-slide-inner\"><img decoding=\"async\" class=\"swiper-slide-image\" src=\"https:\/\/www.ntec.ch\/wp-content\/uploads\/2021\/05\/logo-design-gs.png\" alt=\"logo-design-gs\" \/><\/figure><\/div><div class=\"swiper-slide\" role=\"group\" aria-roledescription=\"slide\" aria-label=\"24 of 59\"><figure class=\"swiper-slide-inner\"><img decoding=\"async\" class=\"swiper-slide-image\" src=\"https:\/\/www.ntec.ch\/wp-content\/uploads\/2021\/05\/logo-design-schutzmsken.png\" alt=\"logo-design-schutzmsken\" \/><\/figure><\/div><div class=\"swiper-slide\" role=\"group\" aria-roledescription=\"slide\" aria-label=\"25 of 59\"><figure class=\"swiper-slide-inner\"><img decoding=\"async\" class=\"swiper-slide-image\" src=\"https:\/\/www.ntec.ch\/wp-content\/uploads\/2021\/05\/logo-design-olymp.png\" alt=\"logo-design-olymp\" \/><\/figure><\/div><div class=\"swiper-slide\" role=\"group\" aria-roledescription=\"slide\" aria-label=\"26 of 59\"><figure class=\"swiper-slide-inner\"><img decoding=\"async\" class=\"swiper-slide-image\" src=\"https:\/\/www.ntec.ch\/wp-content\/uploads\/2021\/05\/logo-design-topcars.png\" alt=\"logo-design-topcars\" \/><\/figure><\/div><div class=\"swiper-slide\" role=\"group\" aria-roledescription=\"slide\" aria-label=\"27 of 59\"><figure class=\"swiper-slide-inner\"><img decoding=\"async\" class=\"swiper-slide-image\" src=\"https:\/\/www.ntec.ch\/wp-content\/uploads\/2021\/05\/logo-design-astm.png\" alt=\"logo-design-astm\" \/><\/figure><\/div><div class=\"swiper-slide\" role=\"group\" aria-roledescription=\"slide\" aria-label=\"28 of 59\"><figure class=\"swiper-slide-inner\"><img decoding=\"async\" class=\"swiper-slide-image\" src=\"https:\/\/www.ntec.ch\/wp-content\/uploads\/2021\/05\/logo-design-alimo.png\" alt=\"logo-design-alimo\" \/><\/figure><\/div><div class=\"swiper-slide\" role=\"group\" aria-roledescription=\"slide\" aria-label=\"29 of 59\"><figure class=\"swiper-slide-inner\"><img decoding=\"async\" class=\"swiper-slide-image\" src=\"https:\/\/www.ntec.ch\/wp-content\/uploads\/2021\/05\/logo-design-ect.png\" alt=\"logo-design-ect\" \/><\/figure><\/div><div class=\"swiper-slide\" role=\"group\" aria-roledescription=\"slide\" aria-label=\"30 of 59\"><figure class=\"swiper-slide-inner\"><img decoding=\"async\" class=\"swiper-slide-image\" src=\"https:\/\/www.ntec.ch\/wp-content\/uploads\/2021\/05\/logo-design-turicum-limo.png\" alt=\"logo-design-turicum-limo\" \/><\/figure><\/div><div class=\"swiper-slide\" role=\"group\" aria-roledescription=\"slide\" aria-label=\"31 of 59\"><figure class=\"swiper-slide-inner\"><img decoding=\"async\" class=\"swiper-slide-image\" src=\"https:\/\/www.ntec.ch\/wp-content\/uploads\/2021\/05\/logo-design-swissfenster.png\" alt=\"logo-design-swissfenster\" \/><\/figure><\/div><div class=\"swiper-slide\" role=\"group\" aria-roledescription=\"slide\" aria-label=\"32 of 59\"><figure class=\"swiper-slide-inner\"><img decoding=\"async\" class=\"swiper-slide-image\" src=\"https:\/\/www.ntec.ch\/wp-content\/uploads\/2021\/05\/logo-design-ch-kredit.png\" alt=\"logo-design-ch-kredit\" \/><\/figure><\/div><div class=\"swiper-slide\" role=\"group\" aria-roledescription=\"slide\" aria-label=\"33 of 59\"><figure class=\"swiper-slide-inner\"><img decoding=\"async\" class=\"swiper-slide-image\" src=\"https:\/\/www.ntec.ch\/wp-content\/uploads\/2021\/05\/logo-design-swisslimousine.png\" alt=\"logo-design-swisslimousine\" \/><\/figure><\/div><div class=\"swiper-slide\" role=\"group\" aria-roledescription=\"slide\" aria-label=\"34 of 59\"><figure class=\"swiper-slide-inner\"><img decoding=\"async\" class=\"swiper-slide-image\" src=\"https:\/\/www.ntec.ch\/wp-content\/uploads\/2021\/05\/logo-design-spittex2.png\" alt=\"logo-design-spittex2\" \/><\/figure><\/div><div class=\"swiper-slide\" role=\"group\" aria-roledescription=\"slide\" aria-label=\"35 of 59\"><figure class=\"swiper-slide-inner\"><img decoding=\"async\" class=\"swiper-slide-image\" src=\"https:\/\/www.ntec.ch\/wp-content\/uploads\/2021\/05\/logo-design-sl.png\" alt=\"logo-design-sl\" \/><\/figure><\/div><div class=\"swiper-slide\" role=\"group\" aria-roledescription=\"slide\" aria-label=\"36 of 59\"><figure class=\"swiper-slide-inner\"><img decoding=\"async\" class=\"swiper-slide-image\" src=\"https:\/\/www.ntec.ch\/wp-content\/uploads\/2021\/05\/logo-design-primolimo.png\" alt=\"logo-design-primolimo\" \/><\/figure><\/div><div class=\"swiper-slide\" role=\"group\" aria-roledescription=\"slide\" aria-label=\"37 of 59\"><figure class=\"swiper-slide-inner\"><img decoding=\"async\" class=\"swiper-slide-image\" src=\"https:\/\/www.ntec.ch\/wp-content\/uploads\/2021\/05\/logo-design-lms-hauswartung.png\" alt=\"logo-design-lms-hauswartung\" \/><\/figure><\/div><div class=\"swiper-slide\" role=\"group\" aria-roledescription=\"slide\" aria-label=\"38 of 59\"><figure class=\"swiper-slide-inner\"><img decoding=\"async\" class=\"swiper-slide-image\" src=\"https:\/\/www.ntec.ch\/wp-content\/uploads\/2021\/05\/logo-design-swt.png\" alt=\"logo-design-swt\" \/><\/figure><\/div><div class=\"swiper-slide\" role=\"group\" aria-roledescription=\"slide\" aria-label=\"39 of 59\"><figure class=\"swiper-slide-inner\"><img decoding=\"async\" class=\"swiper-slide-image\" src=\"https:\/\/www.ntec.ch\/wp-content\/uploads\/2021\/05\/logo-design-minibus.png\" alt=\"logo-design-minibus\" \/><\/figure><\/div><div class=\"swiper-slide\" role=\"group\" aria-roledescription=\"slide\" aria-label=\"40 of 59\"><figure class=\"swiper-slide-inner\"><img decoding=\"async\" class=\"swiper-slide-image\" src=\"https:\/\/www.ntec.ch\/wp-content\/uploads\/2021\/05\/logo-design-micom.png\" alt=\"logo-design-micom\" \/><\/figure><\/div><div class=\"swiper-slide\" role=\"group\" aria-roledescription=\"slide\" aria-label=\"41 of 59\"><figure class=\"swiper-slide-inner\"><img decoding=\"async\" class=\"swiper-slide-image\" src=\"https:\/\/www.ntec.ch\/wp-content\/uploads\/2021\/05\/logo-design-metalbau.png\" alt=\"logo-design-metalbau\" \/><\/figure><\/div><div class=\"swiper-slide\" role=\"group\" aria-roledescription=\"slide\" aria-label=\"42 of 59\"><figure class=\"swiper-slide-inner\"><img decoding=\"async\" class=\"swiper-slide-image\" src=\"https:\/\/www.ntec.ch\/wp-content\/uploads\/2021\/05\/logo-design-tankstelle.png\" alt=\"logo-design-tankstelle\" \/><\/figure><\/div><div class=\"swiper-slide\" role=\"group\" aria-roledescription=\"slide\" aria-label=\"43 of 59\"><figure class=\"swiper-slide-inner\"><img decoding=\"async\" class=\"swiper-slide-image\" src=\"https:\/\/www.ntec.ch\/wp-content\/uploads\/2021\/05\/logo-design-kcsrs.png\" alt=\"logo-design-kcsrs\" \/><\/figure><\/div><div class=\"swiper-slide\" role=\"group\" aria-roledescription=\"slide\" aria-label=\"44 of 59\"><figure class=\"swiper-slide-inner\"><img decoding=\"async\" class=\"swiper-slide-image\" src=\"https:\/\/www.ntec.ch\/wp-content\/uploads\/2021\/05\/logo-design-jobsu.png\" alt=\"logo-design-jobsu\" \/><\/figure><\/div><div class=\"swiper-slide\" role=\"group\" aria-roledescription=\"slide\" aria-label=\"45 of 59\"><figure class=\"swiper-slide-inner\"><img decoding=\"async\" class=\"swiper-slide-image\" src=\"https:\/\/www.ntec.ch\/wp-content\/uploads\/2021\/05\/logo-design-ip-travel.png\" alt=\"logo-design-ip-travel\" \/><\/figure><\/div><div class=\"swiper-slide\" role=\"group\" aria-roledescription=\"slide\" aria-label=\"46 of 59\"><figure class=\"swiper-slide-inner\"><img decoding=\"async\" class=\"swiper-slide-image\" src=\"https:\/\/www.ntec.ch\/wp-content\/uploads\/2021\/05\/logo-design-immo.png\" alt=\"logo-design-immo\" \/><\/figure><\/div><div class=\"swiper-slide\" role=\"group\" aria-roledescription=\"slide\" aria-label=\"47 of 59\"><figure class=\"swiper-slide-inner\"><img decoding=\"async\" class=\"swiper-slide-image\" src=\"https:\/\/www.ntec.ch\/wp-content\/uploads\/2021\/05\/logo-design-insurance.png\" alt=\"logo-design-insurance\" \/><\/figure><\/div><div class=\"swiper-slide\" role=\"group\" aria-roledescription=\"slide\" aria-label=\"48 of 59\"><figure class=\"swiper-slide-inner\"><img decoding=\"async\" class=\"swiper-slide-image\" src=\"https:\/\/www.ntec.ch\/wp-content\/uploads\/2021\/05\/logo-design-elektrodom.png\" alt=\"logo-design-elektrodom\" \/><\/figure><\/div><div class=\"swiper-slide\" role=\"group\" aria-roledescription=\"slide\" aria-label=\"49 of 59\"><figure class=\"swiper-slide-inner\"><img decoding=\"async\" class=\"swiper-slide-image\" src=\"https:\/\/www.ntec.ch\/wp-content\/uploads\/2021\/05\/logo-design-econotip.png\" alt=\"logo-design-econotip\" \/><\/figure><\/div><div class=\"swiper-slide\" role=\"group\" aria-roledescription=\"slide\" aria-label=\"50 of 59\"><figure class=\"swiper-slide-inner\"><img decoding=\"async\" class=\"swiper-slide-image\" src=\"https:\/\/www.ntec.ch\/wp-content\/uploads\/2021\/05\/logo-design-carfin.png\" alt=\"logo-design-carfin\" \/><\/figure><\/div><div class=\"swiper-slide\" role=\"group\" aria-roledescription=\"slide\" aria-label=\"51 of 59\"><figure class=\"swiper-slide-inner\"><img decoding=\"async\" class=\"swiper-slide-image\" src=\"https:\/\/www.ntec.ch\/wp-content\/uploads\/2021\/05\/logo-design-bk.png\" alt=\"logo-design-bk\" \/><\/figure><\/div><div class=\"swiper-slide\" role=\"group\" aria-roledescription=\"slide\" aria-label=\"52 of 59\"><figure class=\"swiper-slide-inner\"><img decoding=\"async\" class=\"swiper-slide-image\" src=\"https:\/\/www.ntec.ch\/wp-content\/uploads\/2021\/05\/logo-design-baubiz.png\" alt=\"logo-design-baubiz\" \/><\/figure><\/div><div class=\"swiper-slide\" role=\"group\" aria-roledescription=\"slide\" aria-label=\"53 of 59\"><figure class=\"swiper-slide-inner\"><img decoding=\"async\" class=\"swiper-slide-image\" src=\"https:\/\/www.ntec.ch\/wp-content\/uploads\/2021\/05\/logo-design-baumanagement.png\" alt=\"logo-design-baumanagement\" \/><\/figure><\/div><div class=\"swiper-slide\" role=\"group\" aria-roledescription=\"slide\" aria-label=\"54 of 59\"><figure class=\"swiper-slide-inner\"><img decoding=\"async\" class=\"swiper-slide-image\" src=\"https:\/\/www.ntec.ch\/wp-content\/uploads\/2021\/05\/logo-design-bcc.png\" alt=\"logo-design-bcc\" \/><\/figure><\/div><div class=\"swiper-slide\" role=\"group\" aria-roledescription=\"slide\" aria-label=\"55 of 59\"><figure class=\"swiper-slide-inner\"><img decoding=\"async\" class=\"swiper-slide-image\" src=\"https:\/\/www.ntec.ch\/wp-content\/uploads\/2021\/05\/logo-design-sbl.png\" alt=\"logo-design-sbl\" \/><\/figure><\/div><div class=\"swiper-slide\" role=\"group\" aria-roledescription=\"slide\" aria-label=\"56 of 59\"><figure class=\"swiper-slide-inner\"><img decoding=\"async\" class=\"swiper-slide-image\" src=\"https:\/\/www.ntec.ch\/wp-content\/uploads\/2021\/05\/logo-design-ecohaus.png\" alt=\"logo-design-ecohaus\" \/><\/figure><\/div><div class=\"swiper-slide\" role=\"group\" aria-roledescription=\"slide\" aria-label=\"57 of 59\"><figure class=\"swiper-slide-inner\"><img decoding=\"async\" class=\"swiper-slide-image\" src=\"https:\/\/www.ntec.ch\/wp-content\/uploads\/2021\/05\/logo-designtrand-taxi.png\" alt=\"logo-designtrand-taxi\" \/><\/figure><\/div><div class=\"swiper-slide\" role=\"group\" aria-roledescription=\"slide\" aria-label=\"58 of 59\"><figure class=\"swiper-slide-inner\"><img decoding=\"async\" class=\"swiper-slide-image\" src=\"https:\/\/www.ntec.ch\/wp-content\/uploads\/2021\/05\/logo-design-krediten.png\" alt=\"logo-design-krediten\" \/><\/figure><\/div><div class=\"swiper-slide\" role=\"group\" aria-roledescription=\"slide\" aria-label=\"59 of 59\"><figure class=\"swiper-slide-inner\"><img decoding=\"async\" class=\"swiper-slide-image\" src=\"https:\/\/www.ntec.ch\/wp-content\/uploads\/2021\/05\/logo-design-fls.png\" alt=\"logo-design-fls\" \/><\/figure><\/div>\t\t\t<\/div>\n\t\t\t\t\t\t\t\t\t\t\t\t<div class=\"elementor-swiper-button elementor-swiper-button-prev\" role=\"button\" tabindex=\"0\">\n\t\t\t\t\t\t<i aria-hidden=\"true\" class=\"eicon-chevron-left\"><\/i>\t\t\t\t\t<\/div>\n\t\t\t\t\t<div class=\"elementor-swiper-button elementor-swiper-button-next\" role=\"button\" tabindex=\"0\">\n\t\t\t\t\t\t<i aria-hidden=\"true\" class=\"eicon-chevron-right\"><\/i>\t\t\t\t\t<\/div>\n\t\t\t\t\n\t\t\t\t\t\t\t\t\t<\/div>\n\t\t\t\t<\/div>\n\t\t\t\t<\/div>\n\t\t\t\t\t<\/div>\n\t\t<\/div>\n\t\t\t\t\t<\/div>\n\t\t<\/section>\n\t\t\t\t<\/div>\n\t\t","protected":false},"excerpt":{"rendered":"<p>Logo Design Agentur in Z\u00fcrich Unsere Agentur in Z\u00fcrich hat das passende Angebot f\u00fcr Sie! Logo Designen ist nicht einfach. Es braucht kreative Meister des Fachgebietes, um auch ein wirklich n\u00fctzliches Logo erstellen zu k\u00f6nnen. Wir haben zum Gl\u00fcck das passende Angebot f\u00fcr Sie. Sie starten erst neu mit einer Firma und brauchen ein Logo, [&hellip;]<\/p>\n","protected":false},"author":1,"featured_media":0,"parent":1242,"menu_order":0,"comment_status":"closed","ping_status":"closed","template":"","meta":{"inline_featured_image":false,"footnotes":""},"blocksy_meta":{"styles_descriptor":{"styles":{"desktop":"","tablet":"","mobile":""},"google_fonts":[],"version":6}},"_links":{"self":[{"href":"https:\/\/www.ntec.ch\/en\/wp-json\/wp\/v2\/pages\/1248"}],"collection":[{"href":"https:\/\/www.ntec.ch\/en\/wp-json\/wp\/v2\/pages"}],"about":[{"href":"https:\/\/www.ntec.ch\/en\/wp-json\/wp\/v2\/types\/page"}],"author":[{"embeddable":true,"href":"https:\/\/www.ntec.ch\/en\/wp-json\/wp\/v2\/users\/1"}],"replies":[{"embeddable":true,"href":"https:\/\/www.ntec.ch\/en\/wp-json\/wp\/v2\/comments?post=1248"}],"version-history":[{"count":32,"href":"https:\/\/www.ntec.ch\/en\/wp-json\/wp\/v2\/pages\/1248\/revisions"}],"predecessor-version":[{"id":3692,"href":"https:\/\/www.ntec.ch\/en\/wp-json\/wp\/v2\/pages\/1248\/revisions\/3692"}],"up":[{"embeddable":true,"href":"https:\/\/www.ntec.ch\/en\/wp-json\/wp\/v2\/pages\/1242"}],"wp:attachment":[{"href":"https:\/\/www.ntec.ch\/en\/wp-json\/wp\/v2\/media?parent=1248"}],"curies":[{"name":"wp","href":"https:\/\/api.w.org\/{rel}","templated":true}]}}