{"id":1250,"date":"2019-12-16T15:53:27","date_gmt":"2019-12-16T14:53:27","guid":{"rendered":"https:\/\/www.ntec.ch\/?page_id=1250"},"modified":"2023-08-12T12:09:25","modified_gmt":"2023-08-12T10:09:25","slug":"2d-3d-videos","status":"publish","type":"page","link":"https:\/\/www.ntec.ch\/en\/dienstleistungen\/2d-3d-videos\/","title":{"rendered":"2d \/ 3d. Videos"},"content":{"rendered":"<h2>2d\/3d Videoproduktion<\/h2>\n<h3>Professionelle 2d und 3d Videos \u2013 wir k\u00f6nnen es Liefern!<\/h3>\n<p style=\"text-align: justify;\"><strong>Manchmal reicht es nicht aus, etwas in Worten zu beschreiben. Aus diesem Grund gibt es 2d oder 3d Videos. Mit diesen Videos k\u00f6nnen Sie Ihre Produkte vorstellen oder den Kunden ein gewisses Angebot durch einfache Videos mit guter Erkl\u00e4rung liefern.<\/strong><\/p>\n<p style=\"text-align: justify;\">Unsere Webagentur bietet komplette Angebote im 2d und 3d Video Bereich \u2013 damit k\u00f6nnen Sie auf originelle Art Aufmerksamkeit erleben und diese Videos auch ganz einfach in Ihr Marketingstrategie einflie\u00dfen lassen.<\/p>\n<p style=\"text-align: justify;\">So werden vor allem Produktbeschreibungen, Explanier Videos und Abl\u00e4ufe durch die verschiedenen 2d und immer h\u00e4ufiger auch 3d Videos erkl\u00e4rt. Diese lassen sich dann unter anderem auf der Webseite einbinden oder auch ganz einfach in den Social Media Ads Kampagnen mitvermarkten \u2013 bereit, um von tausenden Menschen gesehen zu werden.<\/p>\n","protected":false},"excerpt":{"rendered":"<p>2d\/3d Videoproduktion Professionelle 2d und 3d Videos \u2013 wir k\u00f6nnen es Liefern! Manchmal reicht es nicht aus, etwas in Worten zu beschreiben. Aus diesem Grund gibt es 2d oder 3d Videos. Mit diesen Videos k\u00f6nnen Sie Ihre Produkte vorstellen oder den Kunden ein gewisses Angebot durch einfache Videos mit guter Erkl\u00e4rung liefern. Unsere Webagentur bietet [&hellip;]<\/p>\n","protected":false},"author":1,"featured_media":0,"parent":1242,"menu_order":0,"comment_status":"closed","ping_status":"closed","template":"","meta":{"inline_featured_image":false,"footnotes":""},"blocksy_meta":{"styles_descriptor":{"styles":{"desktop":"","tablet":"","mobile":""},"google_fonts":[],"version":6}},"_links":{"self":[{"href":"https:\/\/www.ntec.ch\/en\/wp-json\/wp\/v2\/pages\/1250"}],"collection":[{"href":"https:\/\/www.ntec.ch\/en\/wp-json\/wp\/v2\/pages"}],"about":[{"href":"https:\/\/www.ntec.ch\/en\/wp-json\/wp\/v2\/types\/page"}],"author":[{"embeddable":true,"href":"https:\/\/www.ntec.ch\/en\/wp-json\/wp\/v2\/users\/1"}],"replies":[{"embeddable":true,"href":"https:\/\/www.ntec.ch\/en\/wp-json\/wp\/v2\/comments?post=1250"}],"version-history":[{"count":3,"href":"https:\/\/www.ntec.ch\/en\/wp-json\/wp\/v2\/pages\/1250\/revisions"}],"predecessor-version":[{"id":1511,"href":"https:\/\/www.ntec.ch\/en\/wp-json\/wp\/v2\/pages\/1250\/revisions\/1511"}],"up":[{"embeddable":true,"href":"https:\/\/www.ntec.ch\/en\/wp-json\/wp\/v2\/pages\/1242"}],"wp:attachment":[{"href":"https:\/\/www.ntec.ch\/en\/wp-json\/wp\/v2\/media?parent=1250"}],"curies":[{"name":"wp","href":"https:\/\/api.w.org\/{rel}","templated":true}]}}