{"id":1342,"date":"2019-12-22T14:01:38","date_gmt":"2019-12-22T13:01:38","guid":{"rendered":"https:\/\/www.ntec.ch\/?page_id=1342"},"modified":"2023-08-12T12:09:25","modified_gmt":"2023-08-12T10:09:25","slug":"facebook-ads","status":"publish","type":"page","link":"https:\/\/www.ntec.ch\/en\/dienstleistungen\/facebook-ads\/","title":{"rendered":"Facebook Ads"},"content":{"rendered":"<h2>Facebook ADS Profis<\/h2>\n<h3>Unsere Agentur in Z\u00fcrich hat das passende Angebot f\u00fcr Sie!<\/h3>\n<p style=\"text-align: justify;\"><strong>Facebook Ads sind sehr sinnvoll, wenn man sein Unternehmen auf g\u00fcnstige Weise im Internet vermarkten m\u00f6chte. Facebook hat Schweizweit knapp 3 Millionen Benutzer. Im Raum Z\u00fcrich sind dies rund 400 000 Facebook Benutzer.<\/strong><\/p>\n<p style=\"text-align: justify;\">Wenn Sie also ein kleines Unternehmen haben und keine hohen Summen f\u00fcr TV und Zeitungswerbung ausgeben m\u00f6chten, dann sind Facebook Ads genau das richtige f\u00fcr Sie! Mit Facebook Ads haben Sie die Chance, g\u00fcnstige Werbung gezielt f\u00fcr Ihren Kundenkreis oder auch dar\u00fcber hinaus, einzusetzen. Mit kleinen Budgets f\u00fcr wenige hundert Franken erreichen Sie tausende von potenziellen neuen Kunden.<\/p>\n<p style=\"text-align: justify;\">Gerne stellen wir f\u00fcr Sie eine effiziente Facebook Ads Kampagne zusammen, mit der Sie das beste f\u00fcr Ihr Geld hinausholen k\u00f6nnen!<\/p>\n","protected":false},"excerpt":{"rendered":"<p>Facebook ADS Profis Unsere Agentur in Z\u00fcrich hat das passende Angebot f\u00fcr Sie! Facebook Ads sind sehr sinnvoll, wenn man sein Unternehmen auf g\u00fcnstige Weise im Internet vermarkten m\u00f6chte. Facebook hat Schweizweit knapp 3 Millionen Benutzer. Im Raum Z\u00fcrich sind dies rund 400 000 Facebook Benutzer. Wenn Sie also ein kleines Unternehmen haben und keine [&hellip;]<\/p>\n","protected":false},"author":1,"featured_media":0,"parent":1242,"menu_order":0,"comment_status":"closed","ping_status":"closed","template":"","meta":{"inline_featured_image":false,"footnotes":""},"blocksy_meta":{"styles_descriptor":{"styles":{"desktop":"","tablet":"","mobile":""},"google_fonts":[],"version":6}},"_links":{"self":[{"href":"https:\/\/www.ntec.ch\/en\/wp-json\/wp\/v2\/pages\/1342"}],"collection":[{"href":"https:\/\/www.ntec.ch\/en\/wp-json\/wp\/v2\/pages"}],"about":[{"href":"https:\/\/www.ntec.ch\/en\/wp-json\/wp\/v2\/types\/page"}],"author":[{"embeddable":true,"href":"https:\/\/www.ntec.ch\/en\/wp-json\/wp\/v2\/users\/1"}],"replies":[{"embeddable":true,"href":"https:\/\/www.ntec.ch\/en\/wp-json\/wp\/v2\/comments?post=1342"}],"version-history":[{"count":3,"href":"https:\/\/www.ntec.ch\/en\/wp-json\/wp\/v2\/pages\/1342\/revisions"}],"predecessor-version":[{"id":1505,"href":"https:\/\/www.ntec.ch\/en\/wp-json\/wp\/v2\/pages\/1342\/revisions\/1505"}],"up":[{"embeddable":true,"href":"https:\/\/www.ntec.ch\/en\/wp-json\/wp\/v2\/pages\/1242"}],"wp:attachment":[{"href":"https:\/\/www.ntec.ch\/en\/wp-json\/wp\/v2\/media?parent=1342"}],"curies":[{"name":"wp","href":"https:\/\/api.w.org\/{rel}","templated":true}]}}