{"id":193,"date":"2016-12-31T01:28:13","date_gmt":"2016-12-31T00:28:13","guid":{"rendered":"https:\/\/www.ntec.ch\/?page_id=193"},"modified":"2023-08-12T12:09:28","modified_gmt":"2023-08-12T10:09:28","slug":"ueber-uns","status":"publish","type":"page","link":"https:\/\/www.ntec.ch\/en\/ueber-uns\/","title":{"rendered":"\u00dcber uns"},"content":{"rendered":"<p><\/p>\n<h2>Erfolgreicher Ansatz<\/h2>\n<h4>Mit den Ohren h\u00f6ren, \u00a0mit dem Gehirn analysieren, mit den Augen kreieren und f\u00fcr alle Sinne realisieren. So entstehen unsere L\u00f6sungen. Kreativ, intuitiv und pers\u00f6nlich &#8211; Technologie von Menschen f\u00fcr Menschen.<\/h4>\n<p><\/p>","protected":false},"excerpt":{"rendered":"<p>Erfolgreicher Ansatz Mit den Ohren h\u00f6ren, \u00a0mit dem Gehirn analysieren, mit den Augen kreieren und f\u00fcr alle Sinne realisieren. So entstehen unsere L\u00f6sungen. Kreativ, intuitiv und pers\u00f6nlich &#8211; Technologie von Menschen f\u00fcr Menschen.<\/p>\n","protected":false},"author":1,"featured_media":0,"parent":0,"menu_order":0,"comment_status":"closed","ping_status":"closed","template":"","meta":{"inline_featured_image":false,"footnotes":""},"blocksy_meta":{"styles_descriptor":{"styles":{"desktop":"","tablet":"","mobile":""},"google_fonts":[],"version":6}},"_links":{"self":[{"href":"https:\/\/www.ntec.ch\/en\/wp-json\/wp\/v2\/pages\/193"}],"collection":[{"href":"https:\/\/www.ntec.ch\/en\/wp-json\/wp\/v2\/pages"}],"about":[{"href":"https:\/\/www.ntec.ch\/en\/wp-json\/wp\/v2\/types\/page"}],"author":[{"embeddable":true,"href":"https:\/\/www.ntec.ch\/en\/wp-json\/wp\/v2\/users\/1"}],"replies":[{"embeddable":true,"href":"https:\/\/www.ntec.ch\/en\/wp-json\/wp\/v2\/comments?post=193"}],"version-history":[{"count":2,"href":"https:\/\/www.ntec.ch\/en\/wp-json\/wp\/v2\/pages\/193\/revisions"}],"predecessor-version":[{"id":3291,"href":"https:\/\/www.ntec.ch\/en\/wp-json\/wp\/v2\/pages\/193\/revisions\/3291"}],"wp:attachment":[{"href":"https:\/\/www.ntec.ch\/en\/wp-json\/wp\/v2\/media?parent=193"}],"curies":[{"name":"wp","href":"https:\/\/api.w.org\/{rel}","templated":true}]}}